{"id":18,"date":"2021-10-29T09:42:31","date_gmt":"2021-10-29T07:42:31","guid":{"rendered":"https:\/\/formations.univ-avignon.fr\/?page_id=18"},"modified":"2021-10-29T09:43:00","modified_gmt":"2021-10-29T07:43:00","slug":"mentions-legales","status":"publish","type":"page","link":"https:\/\/formations.univ-avignon.fr\/en\/mentions-legales\/","title":{"rendered":"Legal information"},"content":{"rendered":"<p>Avignon Universit\u00e9 is committed to protecting your privacy and your personal data when you browse our website. That is why we have drawn up this document detailing our personal data protection policy.<\/p>\n\n\n\n<p>This section describes the purposes for which personal data is collected and how you can exercise your rights in this respect.<br>By using our website, you agree to the terms of this declaration on the use of personal data.<\/p>\n\n\n\n<h3 class=\"wp-block-heading\">DEFINITION<\/h3>\n\n\n\n<p>The term \"personal data\" refers to any information about you by which you can be identified directly or indirectly.<\/p>\n\n\n\n<p>This is a corporate website designed to provide information about our school.<br>On some pages, you may find forms for collecting personal data (newsletter subscription forms, for example).<br>The information collected on this occasion will be processed solely by the Universit\u00e9 d'Avignon for the following purposes:<br>for communication to newsletter subscribers, to collect offers of work experience.<\/p>\n\n\n\n<p>The recipients of this information are the staff of the Universit\u00e9 d'Avignon.<br>In accordance with the amended French Data Protection Act of 6 January 1978, you have the right to access and rectify any information held about you.<br>You can access information about yourself by contacting :<a href=\"javascript:melA('cil','','','univ-avignon.fr');\">cil@univ-avignon.fr<\/a><br>You can unsubscribe at any time using the links on the newsletters. You may also, for legitimate reasons, object to the processing of your data.<br>To find out more, consult your rights at <a href=\"https:\/\/www.cnil.fr\/\">CNIL website<\/a>.<\/p>\n\n\n\n<h5 class=\"wp-block-heading\">Collection and protection of personal data<\/h5>\n\n\n\n<p>In accordance with the French Data Protection Act no. 78-17 of 6 January 1978, amended in 2004, the Universit\u00e9 d'Avignon et des Pays de Vaucluse has declared the collection and processing of your Personal Data to the CNIL.<br>The person responsible for processing personal data is the President of the Universit\u00e9 d'Avignon et des Pays de Vaucluse.<br>The information collected may include personal data enabling us to<br>identify you directly or indirectly. Other information that does not allow you to be identified (such as the type of browser used) is also collected.<br>Some of the data collected is compulsory, while other data is optional.<\/p>\n\n\n\n<h5 class=\"wp-block-heading\">The purposes of data collection<\/h5>\n\n\n\n<p>The purposes are informational.<\/p>\n\n\n\n<h5 class=\"wp-block-heading\">Your rights with regard to data collection<\/h5>\n\n\n\n<p>You have the right to access, modify and delete your personal data in accordance with the provisions of the French Data Protection Act of 6 January 1978.<br>To exercise these rights, you may choose to send your request to :<br>By e-mail to dpo@univ-avignon.fr<a href=\"javascript:melA('cil','','','univ-avignon.fr');\"><br><\/a><br>An unsubscribe link appears on every e-mail that the Universit\u00e9 d'Avignon sends you, based on a prior request made by yourself by subscribing to a newsletter or by clicking on a contact or information request form.<\/p>\n\n\n\n<h5 class=\"wp-block-heading\">Recipients of the data collected<\/h5>\n\n\n\n<p>The recipients are identified as Universit\u00e9 d'Avignon staff who, by virtue of their duties, have access to this data.<\/p>\n\n\n\n<h5 class=\"wp-block-heading\">Hosting the data collected<\/h5>\n\n\n\n<p>The personal data collected is stored on servers hosted in France only.<\/p>\n\n\n\n<h5 class=\"wp-block-heading\">Cookie management<\/h5>\n\n\n\n<p>Cookies are all traces of information that are deposited on your hard drive when you visit a website.<br>Cookies are used to collect certain browsing data in order to facilitate subsequent use of the website. The information contained in these cookies can only be read or modified by the sender.<br>Cookies are installed when you browse formations.univ-avignon.fr.<br>However, you can easily prevent cookies from being tracked by following the procedure suggested by the browser you are using.<\/p>\n\n\n\n<p>Cookies enable L'Avignon Universit\u00e9 to improve the ergonomics of its website by compiling statistics (number of visits, length of time pages are consulted, time spent, etc.).<\/p>\n\n\n\n<h5 class=\"wp-block-heading\">Your rights concerning the insertion of cookies<\/h5>\n\n\n\n<p>You can accept or refuse the insertion of cookies. Your initial choice can be changed at any time by following a procedure that differs depending on the browser used. To manage cookies, you can refer to your browser's help menu to configure your browser software.<\/p>\n\n\n\n<p>Any insertion of cookies is subject to your consent. Once you have given your consent, cookies may be stored on your hard drive. Only the sender is likely to have access to them and to modify them.<\/p>\n\n\n\n<h5 class=\"wp-block-heading\">If you refuse the insertion of cookies<\/h5>\n\n\n\n<p>If you refuse to save cookies on your hard drive, some browsing functions may be impaired.<br>We therefore decline all responsibility for the degraded operation of our website in the event that you refuse to insert the cookies required for appropriate browsing.<\/p>\n\n\n\n<h5 class=\"wp-block-heading\">Social networks<\/h5>\n\n\n\n<p>The content of our website may be shared via social networks (Facebook,<br>Pinterest, Youtube, Instagram, Twitter...).<br>When you are connected to social networks and are browsing formations.univ-avignon.fr at the same time, a connection is established between the servers of the social networks and those of our website.<br>If you react on the website by leaving a comment, for example, the information linked to this comment will be published on your personal account of the social network used.<br>If you refuse to allow the social network to collect your information via the training site.<br>univ-avignon.fr, you must disconnect from the social network before browsing the formations.univ-avignon.fr website.<br>For further details on the protection and confidentiality of your personal data, please consult the data protection policies of the social networks used.<\/p>\n\n\n\n<h5 class=\"wp-block-heading\">Internet security and browsing<\/h5>\n\n\n\n<p><em>Security<\/em><br>In order to offer you a peaceful browsing experience, we do everything in our power to ensure the necessary security when collecting and processing your personal data.<\/p>\n\n\n\n<p><em>Malicious use<\/em><br>We recommend that you protect your password and never give it to anyone. We would also like to point out that none of the employees of the Universit\u00e9 d'Avignon will ask you to give them your password.<br>E-mails received from the Universit\u00e9 d'Avignon, links and passwords must never be passed on to third parties to avoid any risk of identity theft.<br>If you notice any malicious use of your personal data or if you receive an e-mail from the Universit\u00e9 d'Avignon et des Pays de Vaucluse which you believe to be fraudulent, please inform our services immediately by writing to us at the following e-mail address (webmaster@univ-avignon.fr and dpo@univ-avignon.fr in copy due to the future European regulation).<\/p>\n\n\n\n<p>However, the security of your network is your sole responsibility. The Universit\u00e9 d'Avignon et des Pays de Vaucluse cannot under any circumstances be held responsible for the capture of your personal data by other operators while you are surfing the Internet.<br>We recommend that you have up-to-date anti-virus software on your terminal, install a firewall and control access to your home network for added security.<br>You use the site at your own risk and in compliance with applicable laws. Under no circumstances may the site editor be held liable for any direct or indirect damage, in particular material damage, loss of data or programmes, or financial loss, resulting from access to or use of this site or any sites linked to it. The content of the site is presented without any guarantee whatsoever.<\/p>\n\n\n\n<h5 class=\"wp-block-heading\">Site content<\/h5>\n\n\n\n<p>The content made available on the site is provided for information purposes only. The existence of a link from this site to another site does not constitute validation of that site or its content. It is your responsibility to use this information with discernment and a critical mind. Avignon Universit\u00e9 cannot be held responsible for information, opinions and recommendations formulated by third parties. If you notice any non-compliant content, please inform the webmaster (<a href=\"javascript:melA('webmaster','','','univ-avignon.fr');\">webmaster@univ-avignon.fr<\/a>)<\/p>\n\n\n\n<h5 class=\"wp-block-heading\">Intellectual property<\/h5>\n\n\n\n<p>Avignon Universit\u00e9 is the exclusive holder of all intellectual property rights relating to both the structure and the content of the formations.univ-avignon.fr site throughout the world. Avignon Universit\u00e9 grants the user the right to reproduce all or part of the content of the site for storage for the purposes of representation on a single-user screen and reproduction, in one copy, for back-up copies or printing on paper. This right is granted for strictly personal, private and non-collective use,<br>any networking, redistribution or marketing of all or part of this content to third parties, in any form whatsoever, is strictly prohibited.<br>Notwithstanding reproduction and storage rights as strictly defined above, and except for<br>With the prior and express authorisation of Avignon Universit\u00e9, you are forbidden to reproduce and\/or use the logos on the formations.univ-avignon.fr site, or to modify, copy, translate, reproduce, sell, publish, exploit or distribute in any digital or other format, all or part of the information, text, photos, images, videos and data on this site. Violation of these mandatory provisions subjects you, and all persons responsible, to the criminal and civil penalties provided for by law in article L713-2 of the French Intellectual Property Code.<\/p>\n\n\n\n<h3 class=\"wp-block-heading\">WEBSITE PUBLISHER<\/h3>\n\n\n\n<p>Avignon University <br>74 rue Louis Pasteur<br>84029 Avignon cedex<br>Tel: +33 (0)4 90 16 25 00<\/p>\n\n\n\n<p>SIRET NUMBER: 198 406 852<\/p>\n\n\n\n<h3 class=\"wp-block-heading\">PUBLICATION DIRECTOR<\/h3>\n\n\n\n<p>The President of Avignon University <\/p>\n\n\n\n<h3 class=\"wp-block-heading\">PHOTO CREDIT<\/h3>\n\n\n\n<p>All rights reserved on photos and images. Avignon University<\/p>\n\n\n\n<h3 class=\"wp-block-heading\"><br>EMBEDDERS<\/h3>\n\n\n\n<p>The site is hosted by the Direction Op\u00e9rationnelle des Syst\u00e8mes d'Information d'Avignon Universit\u00e9.<\/p>","protected":false},"excerpt":{"rendered":"<p>Avignon Universit\u00e9 est soucieuse de prot\u00e9ger votre vie priv\u00e9e et vos donn\u00e9es personnelles lors de vos navigations sur notre site internet. C\u2019est pourquoi nous avons r\u00e9dig\u00e9 ce document qui d\u00e9taille notre politique de protection des donn\u00e9es \u00e0 caract\u00e8re personnel. Sont abord\u00e9es ici, les finalit\u00e9s de la collecte des donn\u00e9es \u00e0 caract\u00e8re personnel, mais \u00e9galement les [&hellip;]<\/p>\n","protected":false},"author":2,"featured_media":0,"parent":0,"menu_order":0,"comment_status":"closed","ping_status":"closed","template":"","meta":{"_acf_changed":false,"footnotes":""},"class_list":["post-18","page","type-page","status-publish","hentry"],"acf":[],"_links":{"self":[{"href":"https:\/\/formations.univ-avignon.fr\/en\/wp-json\/wp\/v2\/pages\/18","targetHints":{"allow":["GET"]}}],"collection":[{"href":"https:\/\/formations.univ-avignon.fr\/en\/wp-json\/wp\/v2\/pages"}],"about":[{"href":"https:\/\/formations.univ-avignon.fr\/en\/wp-json\/wp\/v2\/types\/page"}],"author":[{"embeddable":true,"href":"https:\/\/formations.univ-avignon.fr\/en\/wp-json\/wp\/v2\/users\/2"}],"replies":[{"embeddable":true,"href":"https:\/\/formations.univ-avignon.fr\/en\/wp-json\/wp\/v2\/comments?post=18"}],"version-history":[{"count":3,"href":"https:\/\/formations.univ-avignon.fr\/en\/wp-json\/wp\/v2\/pages\/18\/revisions"}],"predecessor-version":[{"id":7592,"href":"https:\/\/formations.univ-avignon.fr\/en\/wp-json\/wp\/v2\/pages\/18\/revisions\/7592"}],"wp:attachment":[{"href":"https:\/\/formations.univ-avignon.fr\/en\/wp-json\/wp\/v2\/media?parent=18"}],"curies":[{"name":"wp","href":"https:\/\/api.w.org\/{rel}","templated":true}]}}